{"id":4074,"date":"2019-01-28T21:43:05","date_gmt":"2019-01-28T21:43:05","guid":{"rendered":"http:\/\/147.83.54.19\/users\/pietro\/Quantum_Menorca_2019\/?page_id=5"},"modified":"2022-09-05T17:13:37","modified_gmt":"2022-09-05T17:13:37","slug":"invited-speakers","status":"publish","type":"page","link":"https:\/\/tcm2022.upc.edu\/index.php\/invited-speakers\/","title":{"rendered":"Invited and keynote speakers"},"content":{"rendered":"\n<ul class=\"wp-block-list\" style=\"font-size:18px\"><li>Jonas R\u00edes (European Molecular Biology Laboratory)<\/li><li>Maria Ma\u00f1osas (Universitat de Barcelona)<\/li><li>Clara Prats (Universitat Polit\u00e8cnica de Catalunya &#8211; BarcelonaTech)<\/li><li>Roser Sala-Llonch (Universitat de Barcelona)<\/li><li>Xavier Trepat (Institut de Bioenginyeria de Catalunya)<\/li><li>Javier Buceta (Institut de Biologia Integrativa i de Sistemes)<\/li><li>Pere Roca-Cusachs (Institut de Bioenginyeria de Catalunya)<\/li><li>Gorka Mu\u00f1oz-Gil (Universit\u00e4t Innsbruck)<\/li><li>Clara Vilches (Institut de Ci\u00e8ncies Fot\u00f2niques)<\/li><li>Jaume Mesquida (Hospital Parc Taul\u00ed)<\/li><li>Arjun Yodh\u00a0(University of Pennsylvania) <\/li><li>Blanca Rodr\u00edguez (Univ Oxford)<\/li><\/ul>\n\n\n\n<p><\/p>\n","protected":false},"excerpt":{"rendered":"<p>Jonas R\u00edes (European Molecular Biology Laboratory) Maria Ma\u00f1osas (Universitat de Barcelona) Clara Prats (Universitat Polit\u00e8cnica de Catalunya &#8211; BarcelonaTech) Roser Sala-Llonch (Universitat de Barcelona) Xavier Trepat (Institut de Bioenginyeria de Catalunya) Javier Buceta (Institut de Biologia Integrativa i de Sistemes) Pere Roca-Cusachs (Institut de Bioenginyeria de Catalunya) Gorka Mu\u00f1oz-Gil (Universit\u00e4t Innsbruck) Clara Vilches (Institut de [&hellip;]<\/p>\n","protected":false},"author":1,"featured_media":0,"parent":0,"menu_order":0,"comment_status":"closed","ping_status":"closed","template":"","meta":{"footnotes":""},"class_list":["post-4074","page","type-page","status-publish","hentry"],"yoast_head":"<!-- This site is optimized with the Yoast SEO plugin v19.14 - https:\/\/yoast.com\/wordpress\/plugins\/seo\/ -->\n<title>Invited and keynote speakers - PhysBM2022<\/title>\n<meta name=\"robots\" content=\"index, follow, max-snippet:-1, max-image-preview:large, max-video-preview:-1\" \/>\n<link rel=\"canonical\" href=\"https:\/\/tcm2022.upc.edu\/index.php\/invited-speakers\/\" \/>\n<meta property=\"og:locale\" content=\"en_US\" \/>\n<meta property=\"og:type\" content=\"article\" \/>\n<meta property=\"og:title\" content=\"Invited and keynote speakers - PhysBM2022\" \/>\n<meta property=\"og:description\" content=\"Jonas R\u00edes (European Molecular Biology Laboratory) Maria Ma\u00f1osas (Universitat de Barcelona) Clara Prats (Universitat Polit\u00e8cnica de Catalunya &#8211; BarcelonaTech) Roser Sala-Llonch (Universitat de Barcelona) Xavier Trepat (Institut de Bioenginyeria de Catalunya) Javier Buceta (Institut de Biologia Integrativa i de Sistemes) Pere Roca-Cusachs (Institut de Bioenginyeria de Catalunya) Gorka Mu\u00f1oz-Gil (Universit\u00e4t Innsbruck) Clara Vilches (Institut de [&hellip;]\" \/>\n<meta property=\"og:url\" content=\"https:\/\/tcm2022.upc.edu\/index.php\/invited-speakers\/\" \/>\n<meta property=\"og:site_name\" content=\"PhysBM2022\" \/>\n<meta property=\"article:modified_time\" content=\"2022-09-05T17:13:37+00:00\" \/>\n<meta name=\"twitter:card\" content=\"summary_large_image\" \/>\n<meta name=\"twitter:label1\" content=\"Est. reading time\" \/>\n\t<meta name=\"twitter:data1\" content=\"1 minute\" \/>\n<script type=\"application\/ld+json\" class=\"yoast-schema-graph\">{\"@context\":\"https:\/\/schema.org\",\"@graph\":[{\"@type\":\"WebPage\",\"@id\":\"https:\/\/tcm2022.upc.edu\/index.php\/invited-speakers\/\",\"url\":\"https:\/\/tcm2022.upc.edu\/index.php\/invited-speakers\/\",\"name\":\"Invited and keynote speakers - PhysBM2022\",\"isPartOf\":{\"@id\":\"https:\/\/tcm2022.upc.edu\/#website\"},\"datePublished\":\"2019-01-28T21:43:05+00:00\",\"dateModified\":\"2022-09-05T17:13:37+00:00\",\"breadcrumb\":{\"@id\":\"https:\/\/tcm2022.upc.edu\/index.php\/invited-speakers\/#breadcrumb\"},\"inLanguage\":\"en-US\",\"potentialAction\":[{\"@type\":\"ReadAction\",\"target\":[\"https:\/\/tcm2022.upc.edu\/index.php\/invited-speakers\/\"]}]},{\"@type\":\"BreadcrumbList\",\"@id\":\"https:\/\/tcm2022.upc.edu\/index.php\/invited-speakers\/#breadcrumb\",\"itemListElement\":[{\"@type\":\"ListItem\",\"position\":1,\"name\":\"Home\",\"item\":\"https:\/\/tcm2022.upc.edu\/\"},{\"@type\":\"ListItem\",\"position\":2,\"name\":\"Invited and keynote speakers\"}]},{\"@type\":\"WebSite\",\"@id\":\"https:\/\/tcm2022.upc.edu\/#website\",\"url\":\"https:\/\/tcm2022.upc.edu\/\",\"name\":\"PhysBM2022\",\"description\":\"\",\"potentialAction\":[{\"@type\":\"SearchAction\",\"target\":{\"@type\":\"EntryPoint\",\"urlTemplate\":\"https:\/\/tcm2022.upc.edu\/?s={search_term_string}\"},\"query-input\":\"required name=search_term_string\"}],\"inLanguage\":\"en-US\"}]}<\/script>\n<!-- \/ Yoast SEO plugin. -->","yoast_head_json":{"title":"Invited and keynote speakers - PhysBM2022","robots":{"index":"index","follow":"follow","max-snippet":"max-snippet:-1","max-image-preview":"max-image-preview:large","max-video-preview":"max-video-preview:-1"},"canonical":"https:\/\/tcm2022.upc.edu\/index.php\/invited-speakers\/","og_locale":"en_US","og_type":"article","og_title":"Invited and keynote speakers - PhysBM2022","og_description":"Jonas R\u00edes (European Molecular Biology Laboratory) Maria Ma\u00f1osas (Universitat de Barcelona) Clara Prats (Universitat Polit\u00e8cnica de Catalunya &#8211; BarcelonaTech) Roser Sala-Llonch (Universitat de Barcelona) Xavier Trepat (Institut de Bioenginyeria de Catalunya) Javier Buceta (Institut de Biologia Integrativa i de Sistemes) Pere Roca-Cusachs (Institut de Bioenginyeria de Catalunya) Gorka Mu\u00f1oz-Gil (Universit\u00e4t Innsbruck) Clara Vilches (Institut de [&hellip;]","og_url":"https:\/\/tcm2022.upc.edu\/index.php\/invited-speakers\/","og_site_name":"PhysBM2022","article_modified_time":"2022-09-05T17:13:37+00:00","twitter_card":"summary_large_image","twitter_misc":{"Est. reading time":"1 minute"},"schema":{"@context":"https:\/\/schema.org","@graph":[{"@type":"WebPage","@id":"https:\/\/tcm2022.upc.edu\/index.php\/invited-speakers\/","url":"https:\/\/tcm2022.upc.edu\/index.php\/invited-speakers\/","name":"Invited and keynote speakers - PhysBM2022","isPartOf":{"@id":"https:\/\/tcm2022.upc.edu\/#website"},"datePublished":"2019-01-28T21:43:05+00:00","dateModified":"2022-09-05T17:13:37+00:00","breadcrumb":{"@id":"https:\/\/tcm2022.upc.edu\/index.php\/invited-speakers\/#breadcrumb"},"inLanguage":"en-US","potentialAction":[{"@type":"ReadAction","target":["https:\/\/tcm2022.upc.edu\/index.php\/invited-speakers\/"]}]},{"@type":"BreadcrumbList","@id":"https:\/\/tcm2022.upc.edu\/index.php\/invited-speakers\/#breadcrumb","itemListElement":[{"@type":"ListItem","position":1,"name":"Home","item":"https:\/\/tcm2022.upc.edu\/"},{"@type":"ListItem","position":2,"name":"Invited and keynote speakers"}]},{"@type":"WebSite","@id":"https:\/\/tcm2022.upc.edu\/#website","url":"https:\/\/tcm2022.upc.edu\/","name":"PhysBM2022","description":"","potentialAction":[{"@type":"SearchAction","target":{"@type":"EntryPoint","urlTemplate":"https:\/\/tcm2022.upc.edu\/?s={search_term_string}"},"query-input":"required name=search_term_string"}],"inLanguage":"en-US"}]}},"_links":{"self":[{"href":"https:\/\/tcm2022.upc.edu\/index.php\/wp-json\/wp\/v2\/pages\/4074","targetHints":{"allow":["GET"]}}],"collection":[{"href":"https:\/\/tcm2022.upc.edu\/index.php\/wp-json\/wp\/v2\/pages"}],"about":[{"href":"https:\/\/tcm2022.upc.edu\/index.php\/wp-json\/wp\/v2\/types\/page"}],"author":[{"embeddable":true,"href":"https:\/\/tcm2022.upc.edu\/index.php\/wp-json\/wp\/v2\/users\/1"}],"replies":[{"embeddable":true,"href":"https:\/\/tcm2022.upc.edu\/index.php\/wp-json\/wp\/v2\/comments?post=4074"}],"version-history":[{"count":18,"href":"https:\/\/tcm2022.upc.edu\/index.php\/wp-json\/wp\/v2\/pages\/4074\/revisions"}],"predecessor-version":[{"id":4347,"href":"https:\/\/tcm2022.upc.edu\/index.php\/wp-json\/wp\/v2\/pages\/4074\/revisions\/4347"}],"wp:attachment":[{"href":"https:\/\/tcm2022.upc.edu\/index.php\/wp-json\/wp\/v2\/media?parent=4074"}],"curies":[{"name":"wp","href":"https:\/\/api.w.org\/{rel}","templated":true}]}}